{"id":9,"date":"2016-03-29T10:41:28","date_gmt":"2016-03-29T07:41:28","guid":{"rendered":"http:\/\/kuressaare.advent.ee\/?page_id=9"},"modified":"2016-03-29T10:42:02","modified_gmt":"2016-03-29T07:42:02","slug":"ajalugu","status":"publish","type":"page","link":"https:\/\/kuressaare.advent.ee\/index.php\/ajalugu\/","title":{"rendered":"Ajalugu"},"content":{"rendered":"<p>Saaremaale j\u00f5udis advents\u00f5num tol ajal P\u00e4rnus jutlustajana t\u00f6\u00f6tanud Ludvig Hallangu l\u00e4bi, kes kirjutas koguduse ajakirjas &#8220;Siioni t\u00f6\u00f6line&#8221; (nr.1,1914) j\u00e4rgmist: &#8220;Kevadel 1912. a. tulin ma sisemise h\u00e4\u00e4le sunnil veendumusele s\u00f5ita Saaremaale, kuhu oli kolme ingli kuulutus (vt. Ilm.14:6-12 ) j\u00f5udnud vaid m\u00f5ne kirjandusevangelisti kaudu. P\u00e4rast t\u00f5sist palvet teadsime, et Issand oma t\u00f5otuse j\u00e4rele meiega kaasa tuleb. V\u00f5tsime s\u00f5idu ette 11. juunil 1912. a. koos koguduse liikme P\u00e4rteliga&#8221;.<\/p>\n<p>&#8220;Regulaarse laevaliikluse puudumise t\u00f5ttu s\u00f5itis L. Hallang Saaremaale juhusliku purjepaadiga. Seal polnud tal \u00fchtegi tuttavat. Tol ajal oli adventistide \u00f5petus v\u00e4he tuntud ja kuna selle vastu tehti v\u00e4\u00e4rat propagandat, siis olid teised usu\u00fchingud umbusklikud. Keegi lastega lesk kutsus Hallangu oma majja koosolekut pidama. Inimesed tahtsid kuulda uut \u00f5petust ja peaaegu terve k\u00fcla oli kokku tulnud. Lesknaise maja j\u00e4i kitsaks ega mahutanud isegi veerandit kokkutulnutest. Taevane Isa oli selle lesknaise maja ukse ees \u00fche puu lasknud \u00fcles kasvada ja selle varju alla \u00fche kivi kantsliks seadnud. Mitte kunagi varem ei olnud minu s\u00fcdames nii suurt r\u00f5\u00f5mu, kui seal sinise taevav\u00f5lvi all Looja poolt ehitatud saalis ja selle suure kivi \u00e4\u00e4res igavest evangeeliumi kuulutada&#8230; Aasta p\u00e4rast kinkis Issand meile 30 hinge. Esimene ristimine toimus 23. detsembril 1912.&#8221; (V.Viirsalu &#8220;Loojangu eel h\u00e4marus laskub maale&#8221; lk.37-38).<\/p>\n<p>Evangeeliumit\u00f6\u00f6d j\u00e4tkas A. Klement, kes 1915 a. s\u00f5jaaja seaduste kohaselt Siberisse saadeti. Hiljem moodustati v\u00e4ikesed grupid Muhus, S\u00f5rves, Karjas. Kuressaares k\u00e4idi koos \u00fc\u00fcrimajades. Koguduse aruannete j\u00e4rgi on Saaremaal kuulutamist\u00f6\u00f6l olnud veel: G.Trussman, E.M\u00e4gi, J.Vilba, A.Kaldmaa, V.K\u00e4rmas, V.Viirsalu, J.Ney, A.Kallaste, F.K\u00f6\u00f6mnem\u00e4gi, U.Kivisaar, R.K\u00e4sk, R.Kaasik, V.Noginovski ja M.P\u00e4rna.<\/p>\n<p>1958. a. hakkas kogudus ehitama omale maja, mis valmis 1960. aastal, kuid v\u00f5\u00f5randati n\u00f5ukogude v\u00f5imu poolt 1963. aastal. Majavaldus tagastati 1992. a. Eesti Vabariigi \u00dclemkohtu seadlusega ja alates 1995. aastast on see taas koguduse k\u00e4sutuses. Jumalateenistused toimusid n\u00f5ukogude v\u00f5imu ajast kuni 2005. aasta s\u00fcgiseni Metodisti kirikus Karja tn. 1.<\/p>\n","protected":false},"excerpt":{"rendered":"<p>Saaremaale j\u00f5udis advents\u00f5num tol ajal P\u00e4rnus jutlustajana t\u00f6\u00f6tanud Ludvig Hallangu l\u00e4bi, kes kirjutas koguduse ajakirjas &#8220;Siioni t\u00f6\u00f6line&#8221; (nr.1,1914) j\u00e4rgmist: &#8220;Kevadel 1912. a. tulin ma sisemise h\u00e4\u00e4le sunnil veendumusele s\u00f5ita Saaremaale, kuhu oli kolme ingli kuulutus (vt. Ilm.14:6-12 ) j\u00f5udnud vaid m\u00f5ne kirjandusevangelisti kaudu. P\u00e4rast t\u00f5sist palvet teadsime, et Issand oma t\u00f5otuse j\u00e4rele meiega kaasa tuleb. [&hellip;]<\/p>\n","protected":false},"author":1,"featured_media":0,"parent":0,"menu_order":0,"comment_status":"closed","ping_status":"closed","template":"page-full_width.php","meta":{"footnotes":"","_links_to":"","_links_to_target":""},"class_list":["post-9","page","type-page","status-publish","hentry"],"_links":{"self":[{"href":"https:\/\/kuressaare.advent.ee\/index.php\/wp-json\/wp\/v2\/pages\/9","targetHints":{"allow":["GET"]}}],"collection":[{"href":"https:\/\/kuressaare.advent.ee\/index.php\/wp-json\/wp\/v2\/pages"}],"about":[{"href":"https:\/\/kuressaare.advent.ee\/index.php\/wp-json\/wp\/v2\/types\/page"}],"author":[{"embeddable":true,"href":"https:\/\/kuressaare.advent.ee\/index.php\/wp-json\/wp\/v2\/users\/1"}],"replies":[{"embeddable":true,"href":"https:\/\/kuressaare.advent.ee\/index.php\/wp-json\/wp\/v2\/comments?post=9"}],"version-history":[{"count":1,"href":"https:\/\/kuressaare.advent.ee\/index.php\/wp-json\/wp\/v2\/pages\/9\/revisions"}],"predecessor-version":[{"id":10,"href":"https:\/\/kuressaare.advent.ee\/index.php\/wp-json\/wp\/v2\/pages\/9\/revisions\/10"}],"wp:attachment":[{"href":"https:\/\/kuressaare.advent.ee\/index.php\/wp-json\/wp\/v2\/media?parent=9"}],"curies":[{"name":"wp","href":"https:\/\/api.w.org\/{rel}","templated":true}]}}